{"id":50366,"date":"2025-04-22T12:00:36","date_gmt":"2025-04-22T12:00:36","guid":{"rendered":"https:\/\/www.baran-otomotiv.com\/?post_type=product&#038;p=50366"},"modified":"2026-02-23T08:58:57","modified_gmt":"2026-02-23T08:58:57","slug":"scania-kabin-denge-kol-kepi-sag-1529335","status":"publish","type":"product","link":"https:\/\/www.baranotomotiv.com\/index.php\/product\/scania-kabin-denge-kol-kepi-sag-1529335\/","title":{"rendered":"SCAN\u0130A KAB\u0130N DENGE KOL KEP\u0130 SA\u011e &#8211; 1529335"},"content":{"rendered":"<p>SCAN\u0130A KAB\u0130N DENGE KOL KEP\u0130 SA\u011e &#8211; 1529335<\/p>\n","protected":false},"excerpt":{"rendered":"<p>\u00dcr\u00fcnle ilgili sorular ve sipari\u015f i\u00e7in bize WhatsApp hatt\u0131m\u0131zdan ula\u015fabilirsiniz.<\/p>\n","protected":false},"featured_media":50367,"comment_status":"open","ping_status":"closed","template":"","meta":{"_angie_page":false},"product_brand":[204],"product_cat":[202],"product_tag":[323,321,331,324,330,329,317,318,320,322,319],"class_list":{"0":"post-50366","1":"product","2":"type-product","3":"status-publish","4":"has-post-thumbnail","6":"product_brand-scania","7":"product_cat-cabin","8":"product_tag-ayna","9":"product_tag-basamak-ve-camurluk","10":"product_tag-camurluk","11":"product_tag-guneslik","12":"product_tag-havalandirma","13":"product_tag-isitma","14":"product_tag-kabin","15":"product_tag-kabin-yapisi","16":"product_tag-kapi","17":"product_tag-koltuk","18":"product_tag-on-izgara","21":"first","22":"instock","23":"shipping-taxable","24":"product-type-simple"},"yoast_head":"<!-- This site is optimized with the Yoast SEO plugin v27.4 - https:\/\/yoast.com\/product\/yoast-seo-wordpress\/ -->\n<title>SCAN\u0130A KAB\u0130N DENGE KOL KEP\u0130 SA\u011e - 1529335 - Baran Otomotiv<\/title>\n<meta name=\"robots\" content=\"index, follow, max-snippet:-1, max-image-preview:large, max-video-preview:-1\" \/>\n<link rel=\"canonical\" href=\"https:\/\/www.baranotomotiv.com\/index.php\/product\/scania-kabin-denge-kol-kepi-sag-1529335\/\" \/>\n<meta property=\"og:locale\" content=\"tr_TR\" \/>\n<meta property=\"og:type\" content=\"article\" \/>\n<meta property=\"og:title\" content=\"SCAN\u0130A KAB\u0130N DENGE KOL KEP\u0130 SA\u011e - 1529335 - Baran Otomotiv\" \/>\n<meta property=\"og:description\" content=\"\u00dcr\u00fcnle ilgili sorular ve sipari\u015f i\u00e7in bize WhatsApp hatt\u0131m\u0131zdan ula\u015fabilirsiniz.\" \/>\n<meta property=\"og:url\" content=\"https:\/\/www.baranotomotiv.com\/index.php\/product\/scania-kabin-denge-kol-kepi-sag-1529335\/\" \/>\n<meta property=\"og:site_name\" content=\"Baran Otomotiv\" \/>\n<meta property=\"article:publisher\" content=\"https:\/\/www.facebook.com\/baran0tomotiv\" \/>\n<meta property=\"article:modified_time\" content=\"2026-02-23T08:58:57+00:00\" \/>\n<meta property=\"og:image\" content=\"https:\/\/www.baranotomotiv.com\/wp-content\/uploads\/2025\/04\/1529335.jpg\" \/>\n\t<meta property=\"og:image:width\" content=\"640\" \/>\n\t<meta property=\"og:image:height\" content=\"480\" \/>\n\t<meta property=\"og:image:type\" content=\"image\/jpeg\" \/>\n<meta name=\"twitter:card\" content=\"summary_large_image\" \/>\n<script type=\"application\/ld+json\" class=\"yoast-schema-graph\">{\"@context\":\"https:\\\/\\\/schema.org\",\"@graph\":[{\"@type\":\"WebPage\",\"@id\":\"https:\\\/\\\/www.baranotomotiv.com\\\/index.php\\\/product\\\/scania-kabin-denge-kol-kepi-sag-1529335\\\/\",\"url\":\"https:\\\/\\\/www.baranotomotiv.com\\\/index.php\\\/product\\\/scania-kabin-denge-kol-kepi-sag-1529335\\\/\",\"name\":\"SCAN\u0130A KAB\u0130N DENGE KOL KEP\u0130 SA\u011e - 1529335 - Baran Otomotiv\",\"isPartOf\":{\"@id\":\"https:\\\/\\\/www.baranotomotiv.com\\\/#website\"},\"primaryImageOfPage\":{\"@id\":\"https:\\\/\\\/www.baranotomotiv.com\\\/index.php\\\/product\\\/scania-kabin-denge-kol-kepi-sag-1529335\\\/#primaryimage\"},\"image\":{\"@id\":\"https:\\\/\\\/www.baranotomotiv.com\\\/index.php\\\/product\\\/scania-kabin-denge-kol-kepi-sag-1529335\\\/#primaryimage\"},\"thumbnailUrl\":\"https:\\\/\\\/www.baranotomotiv.com\\\/wp-content\\\/uploads\\\/2025\\\/04\\\/1529335.jpg\",\"datePublished\":\"2025-04-22T12:00:36+00:00\",\"dateModified\":\"2026-02-23T08:58:57+00:00\",\"breadcrumb\":{\"@id\":\"https:\\\/\\\/www.baranotomotiv.com\\\/index.php\\\/product\\\/scania-kabin-denge-kol-kepi-sag-1529335\\\/#breadcrumb\"},\"inLanguage\":\"tr\",\"potentialAction\":[{\"@type\":\"ReadAction\",\"target\":[\"https:\\\/\\\/www.baranotomotiv.com\\\/index.php\\\/product\\\/scania-kabin-denge-kol-kepi-sag-1529335\\\/\"]}]},{\"@type\":\"ImageObject\",\"inLanguage\":\"tr\",\"@id\":\"https:\\\/\\\/www.baranotomotiv.com\\\/index.php\\\/product\\\/scania-kabin-denge-kol-kepi-sag-1529335\\\/#primaryimage\",\"url\":\"https:\\\/\\\/www.baranotomotiv.com\\\/wp-content\\\/uploads\\\/2025\\\/04\\\/1529335.jpg\",\"contentUrl\":\"https:\\\/\\\/www.baranotomotiv.com\\\/wp-content\\\/uploads\\\/2025\\\/04\\\/1529335.jpg\",\"width\":640,\"height\":480},{\"@type\":\"BreadcrumbList\",\"@id\":\"https:\\\/\\\/www.baranotomotiv.com\\\/index.php\\\/product\\\/scania-kabin-denge-kol-kepi-sag-1529335\\\/#breadcrumb\",\"itemListElement\":[{\"@type\":\"ListItem\",\"position\":1,\"name\":\"Anasayfa\",\"item\":\"https:\\\/\\\/www.baranotomotiv.com\\\/\"},{\"@type\":\"ListItem\",\"position\":2,\"name\":\"Ma\u011faza\",\"item\":\"https:\\\/\\\/www.baranotomotiv.com\\\/index.php\\\/shop\\\/\"},{\"@type\":\"ListItem\",\"position\":3,\"name\":\"SCAN\u0130A KAB\u0130N DENGE KOL KEP\u0130 SA\u011e &#8211; 1529335\"}]},{\"@type\":\"WebSite\",\"@id\":\"https:\\\/\\\/www.baranotomotiv.com\\\/#website\",\"url\":\"https:\\\/\\\/www.baranotomotiv.com\\\/\",\"name\":\"Baran Otomotiv\",\"description\":\"SCAN\u0130A-VOLVO-RENAULT-DAF-MAN-MERCEDES YEDEK PAR\u00c7A\",\"publisher\":{\"@id\":\"https:\\\/\\\/www.baranotomotiv.com\\\/#organization\"},\"potentialAction\":[{\"@type\":\"SearchAction\",\"target\":{\"@type\":\"EntryPoint\",\"urlTemplate\":\"https:\\\/\\\/www.baranotomotiv.com\\\/?s={search_term_string}\"},\"query-input\":{\"@type\":\"PropertyValueSpecification\",\"valueRequired\":true,\"valueName\":\"search_term_string\"}}],\"inLanguage\":\"tr\"},{\"@type\":\"Organization\",\"@id\":\"https:\\\/\\\/www.baranotomotiv.com\\\/#organization\",\"name\":\"Baran Otomotiv\",\"url\":\"https:\\\/\\\/www.baranotomotiv.com\\\/\",\"logo\":{\"@type\":\"ImageObject\",\"inLanguage\":\"tr\",\"@id\":\"https:\\\/\\\/www.baranotomotiv.com\\\/#\\\/schema\\\/logo\\\/image\\\/\",\"url\":\"https:\\\/\\\/www.baranotomotiv.com\\\/wp-content\\\/uploads\\\/2026\\\/04\\\/baran-oto-new-logo.webp\",\"contentUrl\":\"https:\\\/\\\/www.baranotomotiv.com\\\/wp-content\\\/uploads\\\/2026\\\/04\\\/baran-oto-new-logo.webp\",\"width\":400,\"height\":150,\"caption\":\"Baran Otomotiv\"},\"image\":{\"@id\":\"https:\\\/\\\/www.baranotomotiv.com\\\/#\\\/schema\\\/logo\\\/image\\\/\"},\"sameAs\":[\"https:\\\/\\\/www.facebook.com\\\/baran0tomotiv\",\"https:\\\/\\\/www.instagram.com\\\/baranotomotiv1\\\/\"]}]}<\/script>\n<!-- \/ Yoast SEO plugin. -->","yoast_head_json":{"title":"SCAN\u0130A KAB\u0130N DENGE KOL KEP\u0130 SA\u011e - 1529335 - Baran Otomotiv","robots":{"index":"index","follow":"follow","max-snippet":"max-snippet:-1","max-image-preview":"max-image-preview:large","max-video-preview":"max-video-preview:-1"},"canonical":"https:\/\/www.baranotomotiv.com\/index.php\/product\/scania-kabin-denge-kol-kepi-sag-1529335\/","og_locale":"tr_TR","og_type":"article","og_title":"SCAN\u0130A KAB\u0130N DENGE KOL KEP\u0130 SA\u011e - 1529335 - Baran Otomotiv","og_description":"\u00dcr\u00fcnle ilgili sorular ve sipari\u015f i\u00e7in bize WhatsApp hatt\u0131m\u0131zdan ula\u015fabilirsiniz.","og_url":"https:\/\/www.baranotomotiv.com\/index.php\/product\/scania-kabin-denge-kol-kepi-sag-1529335\/","og_site_name":"Baran Otomotiv","article_publisher":"https:\/\/www.facebook.com\/baran0tomotiv","article_modified_time":"2026-02-23T08:58:57+00:00","og_image":[{"width":640,"height":480,"url":"https:\/\/www.baranotomotiv.com\/wp-content\/uploads\/2025\/04\/1529335.jpg","type":"image\/jpeg"}],"twitter_card":"summary_large_image","schema":{"@context":"https:\/\/schema.org","@graph":[{"@type":"WebPage","@id":"https:\/\/www.baranotomotiv.com\/index.php\/product\/scania-kabin-denge-kol-kepi-sag-1529335\/","url":"https:\/\/www.baranotomotiv.com\/index.php\/product\/scania-kabin-denge-kol-kepi-sag-1529335\/","name":"SCAN\u0130A KAB\u0130N DENGE KOL KEP\u0130 SA\u011e - 1529335 - Baran Otomotiv","isPartOf":{"@id":"https:\/\/www.baranotomotiv.com\/#website"},"primaryImageOfPage":{"@id":"https:\/\/www.baranotomotiv.com\/index.php\/product\/scania-kabin-denge-kol-kepi-sag-1529335\/#primaryimage"},"image":{"@id":"https:\/\/www.baranotomotiv.com\/index.php\/product\/scania-kabin-denge-kol-kepi-sag-1529335\/#primaryimage"},"thumbnailUrl":"https:\/\/www.baranotomotiv.com\/wp-content\/uploads\/2025\/04\/1529335.jpg","datePublished":"2025-04-22T12:00:36+00:00","dateModified":"2026-02-23T08:58:57+00:00","breadcrumb":{"@id":"https:\/\/www.baranotomotiv.com\/index.php\/product\/scania-kabin-denge-kol-kepi-sag-1529335\/#breadcrumb"},"inLanguage":"tr","potentialAction":[{"@type":"ReadAction","target":["https:\/\/www.baranotomotiv.com\/index.php\/product\/scania-kabin-denge-kol-kepi-sag-1529335\/"]}]},{"@type":"ImageObject","inLanguage":"tr","@id":"https:\/\/www.baranotomotiv.com\/index.php\/product\/scania-kabin-denge-kol-kepi-sag-1529335\/#primaryimage","url":"https:\/\/www.baranotomotiv.com\/wp-content\/uploads\/2025\/04\/1529335.jpg","contentUrl":"https:\/\/www.baranotomotiv.com\/wp-content\/uploads\/2025\/04\/1529335.jpg","width":640,"height":480},{"@type":"BreadcrumbList","@id":"https:\/\/www.baranotomotiv.com\/index.php\/product\/scania-kabin-denge-kol-kepi-sag-1529335\/#breadcrumb","itemListElement":[{"@type":"ListItem","position":1,"name":"Anasayfa","item":"https:\/\/www.baranotomotiv.com\/"},{"@type":"ListItem","position":2,"name":"Ma\u011faza","item":"https:\/\/www.baranotomotiv.com\/index.php\/shop\/"},{"@type":"ListItem","position":3,"name":"SCAN\u0130A KAB\u0130N DENGE KOL KEP\u0130 SA\u011e &#8211; 1529335"}]},{"@type":"WebSite","@id":"https:\/\/www.baranotomotiv.com\/#website","url":"https:\/\/www.baranotomotiv.com\/","name":"Baran Otomotiv","description":"SCAN\u0130A-VOLVO-RENAULT-DAF-MAN-MERCEDES YEDEK PAR\u00c7A","publisher":{"@id":"https:\/\/www.baranotomotiv.com\/#organization"},"potentialAction":[{"@type":"SearchAction","target":{"@type":"EntryPoint","urlTemplate":"https:\/\/www.baranotomotiv.com\/?s={search_term_string}"},"query-input":{"@type":"PropertyValueSpecification","valueRequired":true,"valueName":"search_term_string"}}],"inLanguage":"tr"},{"@type":"Organization","@id":"https:\/\/www.baranotomotiv.com\/#organization","name":"Baran Otomotiv","url":"https:\/\/www.baranotomotiv.com\/","logo":{"@type":"ImageObject","inLanguage":"tr","@id":"https:\/\/www.baranotomotiv.com\/#\/schema\/logo\/image\/","url":"https:\/\/www.baranotomotiv.com\/wp-content\/uploads\/2026\/04\/baran-oto-new-logo.webp","contentUrl":"https:\/\/www.baranotomotiv.com\/wp-content\/uploads\/2026\/04\/baran-oto-new-logo.webp","width":400,"height":150,"caption":"Baran Otomotiv"},"image":{"@id":"https:\/\/www.baranotomotiv.com\/#\/schema\/logo\/image\/"},"sameAs":["https:\/\/www.facebook.com\/baran0tomotiv","https:\/\/www.instagram.com\/baranotomotiv1\/"]}]}},"_links":{"self":[{"href":"https:\/\/www.baranotomotiv.com\/index.php\/wp-json\/wp\/v2\/product\/50366","targetHints":{"allow":["GET"]}}],"collection":[{"href":"https:\/\/www.baranotomotiv.com\/index.php\/wp-json\/wp\/v2\/product"}],"about":[{"href":"https:\/\/www.baranotomotiv.com\/index.php\/wp-json\/wp\/v2\/types\/product"}],"replies":[{"embeddable":true,"href":"https:\/\/www.baranotomotiv.com\/index.php\/wp-json\/wp\/v2\/comments?post=50366"}],"wp:featuredmedia":[{"embeddable":true,"href":"https:\/\/www.baranotomotiv.com\/index.php\/wp-json\/wp\/v2\/media\/50367"}],"wp:attachment":[{"href":"https:\/\/www.baranotomotiv.com\/index.php\/wp-json\/wp\/v2\/media?parent=50366"}],"wp:term":[{"taxonomy":"product_brand","embeddable":true,"href":"https:\/\/www.baranotomotiv.com\/index.php\/wp-json\/wp\/v2\/product_brand?post=50366"},{"taxonomy":"product_cat","embeddable":true,"href":"https:\/\/www.baranotomotiv.com\/index.php\/wp-json\/wp\/v2\/product_cat?post=50366"},{"taxonomy":"product_tag","embeddable":true,"href":"https:\/\/www.baranotomotiv.com\/index.php\/wp-json\/wp\/v2\/product_tag?post=50366"}],"curies":[{"name":"wp","href":"https:\/\/api.w.org\/{rel}","templated":true}]}}