{"id":50816,"date":"2026-03-23T12:41:21","date_gmt":"2026-03-23T12:41:21","guid":{"rendered":"https:\/\/www.baranotomotiv.com\/?post_type=product&#038;p=50816"},"modified":"2026-03-23T12:45:19","modified_gmt":"2026-03-23T12:45:19","slug":"scania-defransiyel-kilit-dugmesi-damper-1780580","status":"publish","type":"product","link":"https:\/\/www.baranotomotiv.com\/index.php\/product\/scania-defransiyel-kilit-dugmesi-damper-1780580\/","title":{"rendered":"SCAN\u0130A DEFRANS\u0130YEL K\u0130L\u0130T D\u00dc\u011eMES\u0130 (DAMPER) &#8211; 1780580"},"content":{"rendered":"<p>SCAN\u0130A DEFRANS\u0130YEL K\u0130L\u0130T D\u00dc\u011eMES\u0130 (DAMPER) &#8211; 1780580<\/p>\n<ul>\n<li style=\"display: none;\"> 1747177<\/li>\n<\/ul>\n","protected":false},"excerpt":{"rendered":"<p>\u00dcr\u00fcnle ilgili sorular ve sipari\u015f i\u00e7in bize WhatsApp hatt\u0131m\u0131zdan ula\u015fabilirsiniz.<\/p>\n","protected":false},"featured_media":50817,"comment_status":"closed","ping_status":"closed","template":"","meta":{"_angie_page":false},"product_brand":[204],"product_cat":[201],"product_tag":[413,315,314,425,424,316,209],"class_list":{"0":"post-50816","1":"product","2":"type-product","3":"status-publish","4":"has-post-thumbnail","6":"product_brand-scania","7":"product_cat-instruments","8":"product_tag-anahtar","9":"product_tag-aygit-paneli","10":"product_tag-aygitlar","11":"product_tag-defransiyel","12":"product_tag-defransiyel-kilit-dugme","13":"product_tag-dugmeler","14":"product_tag-yedek-parca","17":"first","18":"instock","19":"shipping-taxable","20":"product-type-simple"},"yoast_head":"<!-- This site is optimized with the Yoast SEO plugin v27.4 - https:\/\/yoast.com\/product\/yoast-seo-wordpress\/ -->\n<title>SCAN\u0130A DEFRANS\u0130YEL K\u0130L\u0130T D\u00dc\u011eMES\u0130 (DAMPER) - 1780580 - Baran Otomotiv<\/title>\n<meta name=\"robots\" content=\"index, follow, max-snippet:-1, max-image-preview:large, max-video-preview:-1\" \/>\n<link rel=\"canonical\" href=\"https:\/\/www.baranotomotiv.com\/index.php\/product\/scania-defransiyel-kilit-dugmesi-damper-1780580\/\" \/>\n<meta property=\"og:locale\" content=\"tr_TR\" \/>\n<meta property=\"og:type\" content=\"article\" \/>\n<meta property=\"og:title\" content=\"SCAN\u0130A DEFRANS\u0130YEL K\u0130L\u0130T D\u00dc\u011eMES\u0130 (DAMPER) - 1780580 - Baran Otomotiv\" \/>\n<meta property=\"og:description\" content=\"\u00dcr\u00fcnle ilgili sorular ve sipari\u015f i\u00e7in bize WhatsApp hatt\u0131m\u0131zdan ula\u015fabilirsiniz.\" \/>\n<meta property=\"og:url\" content=\"https:\/\/www.baranotomotiv.com\/index.php\/product\/scania-defransiyel-kilit-dugmesi-damper-1780580\/\" \/>\n<meta property=\"og:site_name\" content=\"Baran Otomotiv\" \/>\n<meta property=\"article:publisher\" content=\"https:\/\/www.facebook.com\/baran0tomotiv\" \/>\n<meta property=\"article:modified_time\" content=\"2026-03-23T12:45:19+00:00\" \/>\n<meta property=\"og:image\" content=\"https:\/\/www.baranotomotiv.com\/wp-content\/uploads\/2026\/03\/1780580.jpg\" \/>\n\t<meta property=\"og:image:width\" content=\"1600\" \/>\n\t<meta property=\"og:image:height\" content=\"1200\" \/>\n\t<meta property=\"og:image:type\" content=\"image\/jpeg\" \/>\n<meta name=\"twitter:card\" content=\"summary_large_image\" \/>\n<script type=\"application\/ld+json\" class=\"yoast-schema-graph\">{\"@context\":\"https:\\\/\\\/schema.org\",\"@graph\":[{\"@type\":\"WebPage\",\"@id\":\"https:\\\/\\\/www.baranotomotiv.com\\\/index.php\\\/product\\\/scania-defransiyel-kilit-dugmesi-damper-1780580\\\/\",\"url\":\"https:\\\/\\\/www.baranotomotiv.com\\\/index.php\\\/product\\\/scania-defransiyel-kilit-dugmesi-damper-1780580\\\/\",\"name\":\"SCAN\u0130A DEFRANS\u0130YEL K\u0130L\u0130T D\u00dc\u011eMES\u0130 (DAMPER) - 1780580 - Baran Otomotiv\",\"isPartOf\":{\"@id\":\"https:\\\/\\\/www.baranotomotiv.com\\\/#website\"},\"primaryImageOfPage\":{\"@id\":\"https:\\\/\\\/www.baranotomotiv.com\\\/index.php\\\/product\\\/scania-defransiyel-kilit-dugmesi-damper-1780580\\\/#primaryimage\"},\"image\":{\"@id\":\"https:\\\/\\\/www.baranotomotiv.com\\\/index.php\\\/product\\\/scania-defransiyel-kilit-dugmesi-damper-1780580\\\/#primaryimage\"},\"thumbnailUrl\":\"https:\\\/\\\/www.baranotomotiv.com\\\/wp-content\\\/uploads\\\/2026\\\/03\\\/1780580.jpg\",\"datePublished\":\"2026-03-23T12:41:21+00:00\",\"dateModified\":\"2026-03-23T12:45:19+00:00\",\"breadcrumb\":{\"@id\":\"https:\\\/\\\/www.baranotomotiv.com\\\/index.php\\\/product\\\/scania-defransiyel-kilit-dugmesi-damper-1780580\\\/#breadcrumb\"},\"inLanguage\":\"tr\",\"potentialAction\":[{\"@type\":\"ReadAction\",\"target\":[\"https:\\\/\\\/www.baranotomotiv.com\\\/index.php\\\/product\\\/scania-defransiyel-kilit-dugmesi-damper-1780580\\\/\"]}]},{\"@type\":\"ImageObject\",\"inLanguage\":\"tr\",\"@id\":\"https:\\\/\\\/www.baranotomotiv.com\\\/index.php\\\/product\\\/scania-defransiyel-kilit-dugmesi-damper-1780580\\\/#primaryimage\",\"url\":\"https:\\\/\\\/www.baranotomotiv.com\\\/wp-content\\\/uploads\\\/2026\\\/03\\\/1780580.jpg\",\"contentUrl\":\"https:\\\/\\\/www.baranotomotiv.com\\\/wp-content\\\/uploads\\\/2026\\\/03\\\/1780580.jpg\",\"width\":1600,\"height\":1200},{\"@type\":\"BreadcrumbList\",\"@id\":\"https:\\\/\\\/www.baranotomotiv.com\\\/index.php\\\/product\\\/scania-defransiyel-kilit-dugmesi-damper-1780580\\\/#breadcrumb\",\"itemListElement\":[{\"@type\":\"ListItem\",\"position\":1,\"name\":\"Anasayfa\",\"item\":\"https:\\\/\\\/www.baranotomotiv.com\\\/\"},{\"@type\":\"ListItem\",\"position\":2,\"name\":\"Ma\u011faza\",\"item\":\"https:\\\/\\\/www.baranotomotiv.com\\\/index.php\\\/shop\\\/\"},{\"@type\":\"ListItem\",\"position\":3,\"name\":\"SCAN\u0130A DEFRANS\u0130YEL K\u0130L\u0130T D\u00dc\u011eMES\u0130 (DAMPER) &#8211; 1780580\"}]},{\"@type\":\"WebSite\",\"@id\":\"https:\\\/\\\/www.baranotomotiv.com\\\/#website\",\"url\":\"https:\\\/\\\/www.baranotomotiv.com\\\/\",\"name\":\"Baran Otomotiv\",\"description\":\"SCAN\u0130A-VOLVO-RENAULT-DAF-MAN-MERCEDES YEDEK PAR\u00c7A\",\"publisher\":{\"@id\":\"https:\\\/\\\/www.baranotomotiv.com\\\/#organization\"},\"potentialAction\":[{\"@type\":\"SearchAction\",\"target\":{\"@type\":\"EntryPoint\",\"urlTemplate\":\"https:\\\/\\\/www.baranotomotiv.com\\\/?s={search_term_string}\"},\"query-input\":{\"@type\":\"PropertyValueSpecification\",\"valueRequired\":true,\"valueName\":\"search_term_string\"}}],\"inLanguage\":\"tr\"},{\"@type\":\"Organization\",\"@id\":\"https:\\\/\\\/www.baranotomotiv.com\\\/#organization\",\"name\":\"Baran Otomotiv\",\"url\":\"https:\\\/\\\/www.baranotomotiv.com\\\/\",\"logo\":{\"@type\":\"ImageObject\",\"inLanguage\":\"tr\",\"@id\":\"https:\\\/\\\/www.baranotomotiv.com\\\/#\\\/schema\\\/logo\\\/image\\\/\",\"url\":\"https:\\\/\\\/www.baranotomotiv.com\\\/wp-content\\\/uploads\\\/2026\\\/04\\\/baran-oto-new-logo.webp\",\"contentUrl\":\"https:\\\/\\\/www.baranotomotiv.com\\\/wp-content\\\/uploads\\\/2026\\\/04\\\/baran-oto-new-logo.webp\",\"width\":400,\"height\":150,\"caption\":\"Baran Otomotiv\"},\"image\":{\"@id\":\"https:\\\/\\\/www.baranotomotiv.com\\\/#\\\/schema\\\/logo\\\/image\\\/\"},\"sameAs\":[\"https:\\\/\\\/www.facebook.com\\\/baran0tomotiv\",\"https:\\\/\\\/www.instagram.com\\\/baranotomotiv1\\\/\"]}]}<\/script>\n<!-- \/ Yoast SEO plugin. -->","yoast_head_json":{"title":"SCAN\u0130A DEFRANS\u0130YEL K\u0130L\u0130T D\u00dc\u011eMES\u0130 (DAMPER) - 1780580 - Baran Otomotiv","robots":{"index":"index","follow":"follow","max-snippet":"max-snippet:-1","max-image-preview":"max-image-preview:large","max-video-preview":"max-video-preview:-1"},"canonical":"https:\/\/www.baranotomotiv.com\/index.php\/product\/scania-defransiyel-kilit-dugmesi-damper-1780580\/","og_locale":"tr_TR","og_type":"article","og_title":"SCAN\u0130A DEFRANS\u0130YEL K\u0130L\u0130T D\u00dc\u011eMES\u0130 (DAMPER) - 1780580 - Baran Otomotiv","og_description":"\u00dcr\u00fcnle ilgili sorular ve sipari\u015f i\u00e7in bize WhatsApp hatt\u0131m\u0131zdan ula\u015fabilirsiniz.","og_url":"https:\/\/www.baranotomotiv.com\/index.php\/product\/scania-defransiyel-kilit-dugmesi-damper-1780580\/","og_site_name":"Baran Otomotiv","article_publisher":"https:\/\/www.facebook.com\/baran0tomotiv","article_modified_time":"2026-03-23T12:45:19+00:00","og_image":[{"width":1600,"height":1200,"url":"https:\/\/www.baranotomotiv.com\/wp-content\/uploads\/2026\/03\/1780580.jpg","type":"image\/jpeg"}],"twitter_card":"summary_large_image","schema":{"@context":"https:\/\/schema.org","@graph":[{"@type":"WebPage","@id":"https:\/\/www.baranotomotiv.com\/index.php\/product\/scania-defransiyel-kilit-dugmesi-damper-1780580\/","url":"https:\/\/www.baranotomotiv.com\/index.php\/product\/scania-defransiyel-kilit-dugmesi-damper-1780580\/","name":"SCAN\u0130A DEFRANS\u0130YEL K\u0130L\u0130T D\u00dc\u011eMES\u0130 (DAMPER) - 1780580 - Baran Otomotiv","isPartOf":{"@id":"https:\/\/www.baranotomotiv.com\/#website"},"primaryImageOfPage":{"@id":"https:\/\/www.baranotomotiv.com\/index.php\/product\/scania-defransiyel-kilit-dugmesi-damper-1780580\/#primaryimage"},"image":{"@id":"https:\/\/www.baranotomotiv.com\/index.php\/product\/scania-defransiyel-kilit-dugmesi-damper-1780580\/#primaryimage"},"thumbnailUrl":"https:\/\/www.baranotomotiv.com\/wp-content\/uploads\/2026\/03\/1780580.jpg","datePublished":"2026-03-23T12:41:21+00:00","dateModified":"2026-03-23T12:45:19+00:00","breadcrumb":{"@id":"https:\/\/www.baranotomotiv.com\/index.php\/product\/scania-defransiyel-kilit-dugmesi-damper-1780580\/#breadcrumb"},"inLanguage":"tr","potentialAction":[{"@type":"ReadAction","target":["https:\/\/www.baranotomotiv.com\/index.php\/product\/scania-defransiyel-kilit-dugmesi-damper-1780580\/"]}]},{"@type":"ImageObject","inLanguage":"tr","@id":"https:\/\/www.baranotomotiv.com\/index.php\/product\/scania-defransiyel-kilit-dugmesi-damper-1780580\/#primaryimage","url":"https:\/\/www.baranotomotiv.com\/wp-content\/uploads\/2026\/03\/1780580.jpg","contentUrl":"https:\/\/www.baranotomotiv.com\/wp-content\/uploads\/2026\/03\/1780580.jpg","width":1600,"height":1200},{"@type":"BreadcrumbList","@id":"https:\/\/www.baranotomotiv.com\/index.php\/product\/scania-defransiyel-kilit-dugmesi-damper-1780580\/#breadcrumb","itemListElement":[{"@type":"ListItem","position":1,"name":"Anasayfa","item":"https:\/\/www.baranotomotiv.com\/"},{"@type":"ListItem","position":2,"name":"Ma\u011faza","item":"https:\/\/www.baranotomotiv.com\/index.php\/shop\/"},{"@type":"ListItem","position":3,"name":"SCAN\u0130A DEFRANS\u0130YEL K\u0130L\u0130T D\u00dc\u011eMES\u0130 (DAMPER) &#8211; 1780580"}]},{"@type":"WebSite","@id":"https:\/\/www.baranotomotiv.com\/#website","url":"https:\/\/www.baranotomotiv.com\/","name":"Baran Otomotiv","description":"SCAN\u0130A-VOLVO-RENAULT-DAF-MAN-MERCEDES YEDEK PAR\u00c7A","publisher":{"@id":"https:\/\/www.baranotomotiv.com\/#organization"},"potentialAction":[{"@type":"SearchAction","target":{"@type":"EntryPoint","urlTemplate":"https:\/\/www.baranotomotiv.com\/?s={search_term_string}"},"query-input":{"@type":"PropertyValueSpecification","valueRequired":true,"valueName":"search_term_string"}}],"inLanguage":"tr"},{"@type":"Organization","@id":"https:\/\/www.baranotomotiv.com\/#organization","name":"Baran Otomotiv","url":"https:\/\/www.baranotomotiv.com\/","logo":{"@type":"ImageObject","inLanguage":"tr","@id":"https:\/\/www.baranotomotiv.com\/#\/schema\/logo\/image\/","url":"https:\/\/www.baranotomotiv.com\/wp-content\/uploads\/2026\/04\/baran-oto-new-logo.webp","contentUrl":"https:\/\/www.baranotomotiv.com\/wp-content\/uploads\/2026\/04\/baran-oto-new-logo.webp","width":400,"height":150,"caption":"Baran Otomotiv"},"image":{"@id":"https:\/\/www.baranotomotiv.com\/#\/schema\/logo\/image\/"},"sameAs":["https:\/\/www.facebook.com\/baran0tomotiv","https:\/\/www.instagram.com\/baranotomotiv1\/"]}]}},"_links":{"self":[{"href":"https:\/\/www.baranotomotiv.com\/index.php\/wp-json\/wp\/v2\/product\/50816","targetHints":{"allow":["GET"]}}],"collection":[{"href":"https:\/\/www.baranotomotiv.com\/index.php\/wp-json\/wp\/v2\/product"}],"about":[{"href":"https:\/\/www.baranotomotiv.com\/index.php\/wp-json\/wp\/v2\/types\/product"}],"replies":[{"embeddable":true,"href":"https:\/\/www.baranotomotiv.com\/index.php\/wp-json\/wp\/v2\/comments?post=50816"}],"wp:featuredmedia":[{"embeddable":true,"href":"https:\/\/www.baranotomotiv.com\/index.php\/wp-json\/wp\/v2\/media\/50817"}],"wp:attachment":[{"href":"https:\/\/www.baranotomotiv.com\/index.php\/wp-json\/wp\/v2\/media?parent=50816"}],"wp:term":[{"taxonomy":"product_brand","embeddable":true,"href":"https:\/\/www.baranotomotiv.com\/index.php\/wp-json\/wp\/v2\/product_brand?post=50816"},{"taxonomy":"product_cat","embeddable":true,"href":"https:\/\/www.baranotomotiv.com\/index.php\/wp-json\/wp\/v2\/product_cat?post=50816"},{"taxonomy":"product_tag","embeddable":true,"href":"https:\/\/www.baranotomotiv.com\/index.php\/wp-json\/wp\/v2\/product_tag?post=50816"}],"curies":[{"name":"wp","href":"https:\/\/api.w.org\/{rel}","templated":true}]}}