{"id":50990,"date":"2026-04-20T09:32:06","date_gmt":"2026-04-20T09:32:06","guid":{"rendered":"https:\/\/www.baranotomotiv.com\/?post_type=product&#038;p=50990"},"modified":"2026-04-20T09:35:38","modified_gmt":"2026-04-20T09:35:38","slug":"scania-kapi-mentese-pimi-ust-1422293","status":"publish","type":"product","link":"https:\/\/www.baranotomotiv.com\/index.php\/product\/scania-kapi-mentese-pimi-ust-1422293\/","title":{"rendered":"SCAN\u0130A KAPI MENTE\u015eE P\u0130M\u0130 \u00dcST &#8211; 1422293"},"content":{"rendered":"<p>SCAN\u0130A KAPI MENTE\u015eE P\u0130M\u0130 &#8211; 1422293<\/p>\n<ul>\n<li style=\"display: none;\"><\/li>\n<\/ul>\n","protected":false},"excerpt":{"rendered":"<p>\u00dcr\u00fcnle ilgili sorular ve sipari\u015f i\u00e7in bize WhatsApp hatt\u0131m\u0131zdan ula\u015fabilirsiniz.<\/p>\n","protected":false},"featured_media":50991,"comment_status":"closed","ping_status":"closed","template":"","meta":{"_angie_page":false},"product_brand":[204],"product_cat":[202],"product_tag":[317,320,569,208],"class_list":{"0":"post-50990","1":"product","2":"type-product","3":"status-publish","4":"has-post-thumbnail","6":"product_brand-scania","7":"product_cat-cabin","8":"product_tag-kabin","9":"product_tag-kapi","10":"product_tag-mentese-pimi","11":"product_tag-scania","14":"first","15":"instock","16":"featured","17":"shipping-taxable","18":"product-type-simple"},"yoast_head":"<!-- This site is optimized with the Yoast SEO plugin v27.4 - https:\/\/yoast.com\/product\/yoast-seo-wordpress\/ -->\n<title>SCAN\u0130A KAPI MENTE\u015eE P\u0130M\u0130 \u00dcST - 1422293<\/title>\n<meta name=\"description\" content=\"A\u011f\u0131r vas\u0131ta kap\u0131lar\u0131 i\u00e7in dayan\u0131kl\u0131 \u00fcst kap\u0131 mente\u015fe pimi. Scania, MAN, Volvo ve di\u011fer marka kamyonlara uyumlu, uzun \u00f6m\u00fcrl\u00fc mente\u015fe pimleri Baran Otomotiv\u2019de.\" \/>\n<meta name=\"robots\" content=\"index, follow, max-snippet:-1, max-image-preview:large, max-video-preview:-1\" \/>\n<link rel=\"canonical\" href=\"https:\/\/www.baranotomotiv.com\/index.php\/product\/scania-kapi-mentese-pimi-ust-1422293\/\" \/>\n<meta property=\"og:locale\" content=\"tr_TR\" \/>\n<meta property=\"og:type\" content=\"article\" \/>\n<meta property=\"og:title\" content=\"SCAN\u0130A KAPI MENTE\u015eE P\u0130M\u0130 \u00dcST - 1422293\" \/>\n<meta property=\"og:description\" content=\"A\u011f\u0131r vas\u0131ta kap\u0131lar\u0131 i\u00e7in dayan\u0131kl\u0131 \u00fcst kap\u0131 mente\u015fe pimi. Scania, MAN, Volvo ve di\u011fer marka kamyonlara uyumlu, uzun \u00f6m\u00fcrl\u00fc mente\u015fe pimleri Baran Otomotiv\u2019de.\" \/>\n<meta property=\"og:url\" content=\"https:\/\/www.baranotomotiv.com\/index.php\/product\/scania-kapi-mentese-pimi-ust-1422293\/\" \/>\n<meta property=\"og:site_name\" content=\"Baran Otomotiv\" \/>\n<meta property=\"article:publisher\" content=\"https:\/\/www.facebook.com\/baran0tomotiv\" \/>\n<meta property=\"article:modified_time\" content=\"2026-04-20T09:35:38+00:00\" \/>\n<meta property=\"og:image\" content=\"https:\/\/www.baranotomotiv.com\/wp-content\/uploads\/2026\/04\/1.webp\" \/>\n\t<meta property=\"og:image:width\" content=\"640\" \/>\n\t<meta property=\"og:image:height\" content=\"480\" \/>\n\t<meta property=\"og:image:type\" content=\"image\/webp\" \/>\n<meta name=\"twitter:card\" content=\"summary_large_image\" \/>\n<meta name=\"twitter:label1\" content=\"Tahmini okuma s\u00fcresi\" \/>\n\t<meta name=\"twitter:data1\" content=\"1 dakika\" \/>\n<script type=\"application\/ld+json\" class=\"yoast-schema-graph\">{\"@context\":\"https:\\\/\\\/schema.org\",\"@graph\":[{\"@type\":\"WebPage\",\"@id\":\"https:\\\/\\\/www.baranotomotiv.com\\\/index.php\\\/product\\\/scania-kapi-mentese-pimi-ust-1422293\\\/\",\"url\":\"https:\\\/\\\/www.baranotomotiv.com\\\/index.php\\\/product\\\/scania-kapi-mentese-pimi-ust-1422293\\\/\",\"name\":\"SCAN\u0130A KAPI MENTE\u015eE P\u0130M\u0130 \u00dcST - 1422293\",\"isPartOf\":{\"@id\":\"https:\\\/\\\/www.baranotomotiv.com\\\/#website\"},\"primaryImageOfPage\":{\"@id\":\"https:\\\/\\\/www.baranotomotiv.com\\\/index.php\\\/product\\\/scania-kapi-mentese-pimi-ust-1422293\\\/#primaryimage\"},\"image\":{\"@id\":\"https:\\\/\\\/www.baranotomotiv.com\\\/index.php\\\/product\\\/scania-kapi-mentese-pimi-ust-1422293\\\/#primaryimage\"},\"thumbnailUrl\":\"https:\\\/\\\/www.baranotomotiv.com\\\/wp-content\\\/uploads\\\/2026\\\/04\\\/1.webp\",\"datePublished\":\"2026-04-20T09:32:06+00:00\",\"dateModified\":\"2026-04-20T09:35:38+00:00\",\"description\":\"A\u011f\u0131r vas\u0131ta kap\u0131lar\u0131 i\u00e7in dayan\u0131kl\u0131 \u00fcst kap\u0131 mente\u015fe pimi. Scania, MAN, Volvo ve di\u011fer marka kamyonlara uyumlu, uzun \u00f6m\u00fcrl\u00fc mente\u015fe pimleri Baran Otomotiv\u2019de.\",\"breadcrumb\":{\"@id\":\"https:\\\/\\\/www.baranotomotiv.com\\\/index.php\\\/product\\\/scania-kapi-mentese-pimi-ust-1422293\\\/#breadcrumb\"},\"inLanguage\":\"tr\",\"potentialAction\":[{\"@type\":\"ReadAction\",\"target\":[\"https:\\\/\\\/www.baranotomotiv.com\\\/index.php\\\/product\\\/scania-kapi-mentese-pimi-ust-1422293\\\/\"]}]},{\"@type\":\"ImageObject\",\"inLanguage\":\"tr\",\"@id\":\"https:\\\/\\\/www.baranotomotiv.com\\\/index.php\\\/product\\\/scania-kapi-mentese-pimi-ust-1422293\\\/#primaryimage\",\"url\":\"https:\\\/\\\/www.baranotomotiv.com\\\/wp-content\\\/uploads\\\/2026\\\/04\\\/1.webp\",\"contentUrl\":\"https:\\\/\\\/www.baranotomotiv.com\\\/wp-content\\\/uploads\\\/2026\\\/04\\\/1.webp\",\"width\":640,\"height\":480},{\"@type\":\"BreadcrumbList\",\"@id\":\"https:\\\/\\\/www.baranotomotiv.com\\\/index.php\\\/product\\\/scania-kapi-mentese-pimi-ust-1422293\\\/#breadcrumb\",\"itemListElement\":[{\"@type\":\"ListItem\",\"position\":1,\"name\":\"Anasayfa\",\"item\":\"https:\\\/\\\/www.baranotomotiv.com\\\/\"},{\"@type\":\"ListItem\",\"position\":2,\"name\":\"Ma\u011faza\",\"item\":\"https:\\\/\\\/www.baranotomotiv.com\\\/index.php\\\/shop\\\/\"},{\"@type\":\"ListItem\",\"position\":3,\"name\":\"SCAN\u0130A KAPI MENTE\u015eE P\u0130M\u0130 \u00dcST &#8211; 1422293\"}]},{\"@type\":\"WebSite\",\"@id\":\"https:\\\/\\\/www.baranotomotiv.com\\\/#website\",\"url\":\"https:\\\/\\\/www.baranotomotiv.com\\\/\",\"name\":\"Baran Otomotiv\",\"description\":\"SCAN\u0130A-VOLVO-RENAULT-DAF-MAN-MERCEDES YEDEK PAR\u00c7A\",\"publisher\":{\"@id\":\"https:\\\/\\\/www.baranotomotiv.com\\\/#organization\"},\"potentialAction\":[{\"@type\":\"SearchAction\",\"target\":{\"@type\":\"EntryPoint\",\"urlTemplate\":\"https:\\\/\\\/www.baranotomotiv.com\\\/?s={search_term_string}\"},\"query-input\":{\"@type\":\"PropertyValueSpecification\",\"valueRequired\":true,\"valueName\":\"search_term_string\"}}],\"inLanguage\":\"tr\"},{\"@type\":\"Organization\",\"@id\":\"https:\\\/\\\/www.baranotomotiv.com\\\/#organization\",\"name\":\"Baran Otomotiv\",\"url\":\"https:\\\/\\\/www.baranotomotiv.com\\\/\",\"logo\":{\"@type\":\"ImageObject\",\"inLanguage\":\"tr\",\"@id\":\"https:\\\/\\\/www.baranotomotiv.com\\\/#\\\/schema\\\/logo\\\/image\\\/\",\"url\":\"https:\\\/\\\/www.baranotomotiv.com\\\/wp-content\\\/uploads\\\/2026\\\/04\\\/baran-oto-new-logo.webp\",\"contentUrl\":\"https:\\\/\\\/www.baranotomotiv.com\\\/wp-content\\\/uploads\\\/2026\\\/04\\\/baran-oto-new-logo.webp\",\"width\":400,\"height\":150,\"caption\":\"Baran Otomotiv\"},\"image\":{\"@id\":\"https:\\\/\\\/www.baranotomotiv.com\\\/#\\\/schema\\\/logo\\\/image\\\/\"},\"sameAs\":[\"https:\\\/\\\/www.facebook.com\\\/baran0tomotiv\",\"https:\\\/\\\/www.instagram.com\\\/baranotomotiv1\\\/\"]}]}<\/script>\n<!-- \/ Yoast SEO plugin. -->","yoast_head_json":{"title":"SCAN\u0130A KAPI MENTE\u015eE P\u0130M\u0130 \u00dcST - 1422293","description":"A\u011f\u0131r vas\u0131ta kap\u0131lar\u0131 i\u00e7in dayan\u0131kl\u0131 \u00fcst kap\u0131 mente\u015fe pimi. Scania, MAN, Volvo ve di\u011fer marka kamyonlara uyumlu, uzun \u00f6m\u00fcrl\u00fc mente\u015fe pimleri Baran Otomotiv\u2019de.","robots":{"index":"index","follow":"follow","max-snippet":"max-snippet:-1","max-image-preview":"max-image-preview:large","max-video-preview":"max-video-preview:-1"},"canonical":"https:\/\/www.baranotomotiv.com\/index.php\/product\/scania-kapi-mentese-pimi-ust-1422293\/","og_locale":"tr_TR","og_type":"article","og_title":"SCAN\u0130A KAPI MENTE\u015eE P\u0130M\u0130 \u00dcST - 1422293","og_description":"A\u011f\u0131r vas\u0131ta kap\u0131lar\u0131 i\u00e7in dayan\u0131kl\u0131 \u00fcst kap\u0131 mente\u015fe pimi. Scania, MAN, Volvo ve di\u011fer marka kamyonlara uyumlu, uzun \u00f6m\u00fcrl\u00fc mente\u015fe pimleri Baran Otomotiv\u2019de.","og_url":"https:\/\/www.baranotomotiv.com\/index.php\/product\/scania-kapi-mentese-pimi-ust-1422293\/","og_site_name":"Baran Otomotiv","article_publisher":"https:\/\/www.facebook.com\/baran0tomotiv","article_modified_time":"2026-04-20T09:35:38+00:00","og_image":[{"width":640,"height":480,"url":"https:\/\/www.baranotomotiv.com\/wp-content\/uploads\/2026\/04\/1.webp","type":"image\/webp"}],"twitter_card":"summary_large_image","twitter_misc":{"Tahmini okuma s\u00fcresi":"1 dakika"},"schema":{"@context":"https:\/\/schema.org","@graph":[{"@type":"WebPage","@id":"https:\/\/www.baranotomotiv.com\/index.php\/product\/scania-kapi-mentese-pimi-ust-1422293\/","url":"https:\/\/www.baranotomotiv.com\/index.php\/product\/scania-kapi-mentese-pimi-ust-1422293\/","name":"SCAN\u0130A KAPI MENTE\u015eE P\u0130M\u0130 \u00dcST - 1422293","isPartOf":{"@id":"https:\/\/www.baranotomotiv.com\/#website"},"primaryImageOfPage":{"@id":"https:\/\/www.baranotomotiv.com\/index.php\/product\/scania-kapi-mentese-pimi-ust-1422293\/#primaryimage"},"image":{"@id":"https:\/\/www.baranotomotiv.com\/index.php\/product\/scania-kapi-mentese-pimi-ust-1422293\/#primaryimage"},"thumbnailUrl":"https:\/\/www.baranotomotiv.com\/wp-content\/uploads\/2026\/04\/1.webp","datePublished":"2026-04-20T09:32:06+00:00","dateModified":"2026-04-20T09:35:38+00:00","description":"A\u011f\u0131r vas\u0131ta kap\u0131lar\u0131 i\u00e7in dayan\u0131kl\u0131 \u00fcst kap\u0131 mente\u015fe pimi. Scania, MAN, Volvo ve di\u011fer marka kamyonlara uyumlu, uzun \u00f6m\u00fcrl\u00fc mente\u015fe pimleri Baran Otomotiv\u2019de.","breadcrumb":{"@id":"https:\/\/www.baranotomotiv.com\/index.php\/product\/scania-kapi-mentese-pimi-ust-1422293\/#breadcrumb"},"inLanguage":"tr","potentialAction":[{"@type":"ReadAction","target":["https:\/\/www.baranotomotiv.com\/index.php\/product\/scania-kapi-mentese-pimi-ust-1422293\/"]}]},{"@type":"ImageObject","inLanguage":"tr","@id":"https:\/\/www.baranotomotiv.com\/index.php\/product\/scania-kapi-mentese-pimi-ust-1422293\/#primaryimage","url":"https:\/\/www.baranotomotiv.com\/wp-content\/uploads\/2026\/04\/1.webp","contentUrl":"https:\/\/www.baranotomotiv.com\/wp-content\/uploads\/2026\/04\/1.webp","width":640,"height":480},{"@type":"BreadcrumbList","@id":"https:\/\/www.baranotomotiv.com\/index.php\/product\/scania-kapi-mentese-pimi-ust-1422293\/#breadcrumb","itemListElement":[{"@type":"ListItem","position":1,"name":"Anasayfa","item":"https:\/\/www.baranotomotiv.com\/"},{"@type":"ListItem","position":2,"name":"Ma\u011faza","item":"https:\/\/www.baranotomotiv.com\/index.php\/shop\/"},{"@type":"ListItem","position":3,"name":"SCAN\u0130A KAPI MENTE\u015eE P\u0130M\u0130 \u00dcST &#8211; 1422293"}]},{"@type":"WebSite","@id":"https:\/\/www.baranotomotiv.com\/#website","url":"https:\/\/www.baranotomotiv.com\/","name":"Baran Otomotiv","description":"SCAN\u0130A-VOLVO-RENAULT-DAF-MAN-MERCEDES YEDEK PAR\u00c7A","publisher":{"@id":"https:\/\/www.baranotomotiv.com\/#organization"},"potentialAction":[{"@type":"SearchAction","target":{"@type":"EntryPoint","urlTemplate":"https:\/\/www.baranotomotiv.com\/?s={search_term_string}"},"query-input":{"@type":"PropertyValueSpecification","valueRequired":true,"valueName":"search_term_string"}}],"inLanguage":"tr"},{"@type":"Organization","@id":"https:\/\/www.baranotomotiv.com\/#organization","name":"Baran Otomotiv","url":"https:\/\/www.baranotomotiv.com\/","logo":{"@type":"ImageObject","inLanguage":"tr","@id":"https:\/\/www.baranotomotiv.com\/#\/schema\/logo\/image\/","url":"https:\/\/www.baranotomotiv.com\/wp-content\/uploads\/2026\/04\/baran-oto-new-logo.webp","contentUrl":"https:\/\/www.baranotomotiv.com\/wp-content\/uploads\/2026\/04\/baran-oto-new-logo.webp","width":400,"height":150,"caption":"Baran Otomotiv"},"image":{"@id":"https:\/\/www.baranotomotiv.com\/#\/schema\/logo\/image\/"},"sameAs":["https:\/\/www.facebook.com\/baran0tomotiv","https:\/\/www.instagram.com\/baranotomotiv1\/"]}]}},"_links":{"self":[{"href":"https:\/\/www.baranotomotiv.com\/index.php\/wp-json\/wp\/v2\/product\/50990","targetHints":{"allow":["GET"]}}],"collection":[{"href":"https:\/\/www.baranotomotiv.com\/index.php\/wp-json\/wp\/v2\/product"}],"about":[{"href":"https:\/\/www.baranotomotiv.com\/index.php\/wp-json\/wp\/v2\/types\/product"}],"replies":[{"embeddable":true,"href":"https:\/\/www.baranotomotiv.com\/index.php\/wp-json\/wp\/v2\/comments?post=50990"}],"wp:featuredmedia":[{"embeddable":true,"href":"https:\/\/www.baranotomotiv.com\/index.php\/wp-json\/wp\/v2\/media\/50991"}],"wp:attachment":[{"href":"https:\/\/www.baranotomotiv.com\/index.php\/wp-json\/wp\/v2\/media?parent=50990"}],"wp:term":[{"taxonomy":"product_brand","embeddable":true,"href":"https:\/\/www.baranotomotiv.com\/index.php\/wp-json\/wp\/v2\/product_brand?post=50990"},{"taxonomy":"product_cat","embeddable":true,"href":"https:\/\/www.baranotomotiv.com\/index.php\/wp-json\/wp\/v2\/product_cat?post=50990"},{"taxonomy":"product_tag","embeddable":true,"href":"https:\/\/www.baranotomotiv.com\/index.php\/wp-json\/wp\/v2\/product_tag?post=50990"}],"curies":[{"name":"wp","href":"https:\/\/api.w.org\/{rel}","templated":true}]}}