{"id":51033,"date":"2026-04-27T10:55:06","date_gmt":"2026-04-27T10:55:06","guid":{"rendered":"https:\/\/www.baranotomotiv.com\/?post_type=product&#038;p=51033"},"modified":"2026-04-27T10:56:48","modified_gmt":"2026-04-27T10:56:48","slug":"scania-camurluk-kapagi-sol-yeni-model-2246830","status":"publish","type":"product","link":"https:\/\/www.baranotomotiv.com\/index.php\/product\/scania-camurluk-kapagi-sol-yeni-model-2246830\/","title":{"rendered":"SCAN\u0130A \u00c7AMURLUK KAPA\u011eI SOL YEN\u0130 MODEL &#8211; 2246830"},"content":{"rendered":"<p>SCAN\u0130A \u00c7AMURLUK KAPA\u011eI SOL YEN\u0130 MODEL &#8211; 2246830<br \/>\n<span style='display: none;'> <\/span><\/p>\n","protected":false},"excerpt":{"rendered":"<p>\u00dcr\u00fcnle ilgili sorular ve sipari\u015f i\u00e7in bize WhatsApp hatt\u0131m\u0131zdan ula\u015fabilirsiniz. <\/p>\n","protected":false},"featured_media":51034,"comment_status":"closed","ping_status":"closed","template":"","meta":{"_angie_page":false},"product_brand":[204],"product_cat":[196],"product_tag":[685,283,317,400],"class_list":{"0":"post-51033","1":"product","2":"type-product","3":"status-publish","4":"has-post-thumbnail","6":"product_brand-scania","7":"product_cat-frame-parts","8":"product_tag-camurluk-kapagi","9":"product_tag-cerceve-parcalari","10":"product_tag-kabin","11":"product_tag-kaporta","14":"first","15":"instock","16":"shipping-taxable","17":"product-type-simple"},"yoast_head":"<!-- This site is optimized with the Yoast SEO plugin v27.4 - https:\/\/yoast.com\/product\/yoast-seo-wordpress\/ -->\n<title>SCAN\u0130A \u00c7AMURLUK KAPA\u011eI SOL YEN\u0130 MODEL - 2246830<\/title>\n<meta name=\"description\" content=\"Scania yeni model serilerle uyumlu 2246830 sol \u00e7amurluk kapa\u011f\u0131, \u00e7amurluk b\u00f6lgesini ta\u015f, \u00e7amur ve su s\u0131\u00e7ramalar\u0131na kar\u015f\u0131 koruyan dayan\u0131kl\u0131 bir d\u0131\u015f aksam par\u00e7as\u0131d\u0131r. Arac\u0131n kaporta yap\u0131s\u0131n\u0131 tamamlayarak hem koruma hem de estetik g\u00f6r\u00fcn\u00fcm sa\u011flar.\" \/>\n<meta name=\"robots\" content=\"index, follow, max-snippet:-1, max-image-preview:large, max-video-preview:-1\" \/>\n<link rel=\"canonical\" href=\"https:\/\/www.baranotomotiv.com\/index.php\/product\/scania-camurluk-kapagi-sol-yeni-model-2246830\/\" \/>\n<meta property=\"og:locale\" content=\"tr_TR\" \/>\n<meta property=\"og:type\" content=\"article\" \/>\n<meta property=\"og:title\" content=\"SCAN\u0130A \u00c7AMURLUK KAPA\u011eI SOL YEN\u0130 MODEL - 2246830\" \/>\n<meta property=\"og:description\" content=\"Scania yeni model serilerle uyumlu 2246830 sol \u00e7amurluk kapa\u011f\u0131, \u00e7amurluk b\u00f6lgesini ta\u015f, \u00e7amur ve su s\u0131\u00e7ramalar\u0131na kar\u015f\u0131 koruyan dayan\u0131kl\u0131 bir d\u0131\u015f aksam par\u00e7as\u0131d\u0131r. Arac\u0131n kaporta yap\u0131s\u0131n\u0131 tamamlayarak hem koruma hem de estetik g\u00f6r\u00fcn\u00fcm sa\u011flar.\" \/>\n<meta property=\"og:url\" content=\"https:\/\/www.baranotomotiv.com\/index.php\/product\/scania-camurluk-kapagi-sol-yeni-model-2246830\/\" \/>\n<meta property=\"og:site_name\" content=\"Baran Otomotiv\" \/>\n<meta property=\"article:publisher\" content=\"https:\/\/www.facebook.com\/baran0tomotiv\" \/>\n<meta property=\"article:modified_time\" content=\"2026-04-27T10:56:48+00:00\" \/>\n<meta property=\"og:image\" content=\"https:\/\/www.baranotomotiv.com\/wp-content\/uploads\/2026\/04\/2246830.jpg\" \/>\n\t<meta property=\"og:image:width\" content=\"1600\" \/>\n\t<meta property=\"og:image:height\" content=\"1200\" \/>\n\t<meta property=\"og:image:type\" content=\"image\/jpeg\" \/>\n<meta name=\"twitter:card\" content=\"summary_large_image\" \/>\n<meta name=\"twitter:label1\" content=\"Tahmini okuma s\u00fcresi\" \/>\n\t<meta name=\"twitter:data1\" content=\"1 dakika\" \/>\n<script type=\"application\/ld+json\" class=\"yoast-schema-graph\">{\"@context\":\"https:\\\/\\\/schema.org\",\"@graph\":[{\"@type\":\"WebPage\",\"@id\":\"https:\\\/\\\/www.baranotomotiv.com\\\/index.php\\\/product\\\/scania-camurluk-kapagi-sol-yeni-model-2246830\\\/\",\"url\":\"https:\\\/\\\/www.baranotomotiv.com\\\/index.php\\\/product\\\/scania-camurluk-kapagi-sol-yeni-model-2246830\\\/\",\"name\":\"SCAN\u0130A \u00c7AMURLUK KAPA\u011eI SOL YEN\u0130 MODEL - 2246830\",\"isPartOf\":{\"@id\":\"https:\\\/\\\/www.baranotomotiv.com\\\/#website\"},\"primaryImageOfPage\":{\"@id\":\"https:\\\/\\\/www.baranotomotiv.com\\\/index.php\\\/product\\\/scania-camurluk-kapagi-sol-yeni-model-2246830\\\/#primaryimage\"},\"image\":{\"@id\":\"https:\\\/\\\/www.baranotomotiv.com\\\/index.php\\\/product\\\/scania-camurluk-kapagi-sol-yeni-model-2246830\\\/#primaryimage\"},\"thumbnailUrl\":\"https:\\\/\\\/www.baranotomotiv.com\\\/wp-content\\\/uploads\\\/2026\\\/04\\\/2246830.webp\",\"datePublished\":\"2026-04-27T10:55:06+00:00\",\"dateModified\":\"2026-04-27T10:56:48+00:00\",\"description\":\"Scania yeni model serilerle uyumlu 2246830 sol \u00e7amurluk kapa\u011f\u0131, \u00e7amurluk b\u00f6lgesini ta\u015f, \u00e7amur ve su s\u0131\u00e7ramalar\u0131na kar\u015f\u0131 koruyan dayan\u0131kl\u0131 bir d\u0131\u015f aksam par\u00e7as\u0131d\u0131r. Arac\u0131n kaporta yap\u0131s\u0131n\u0131 tamamlayarak hem koruma hem de estetik g\u00f6r\u00fcn\u00fcm sa\u011flar.\",\"breadcrumb\":{\"@id\":\"https:\\\/\\\/www.baranotomotiv.com\\\/index.php\\\/product\\\/scania-camurluk-kapagi-sol-yeni-model-2246830\\\/#breadcrumb\"},\"inLanguage\":\"tr\",\"potentialAction\":[{\"@type\":\"ReadAction\",\"target\":[\"https:\\\/\\\/www.baranotomotiv.com\\\/index.php\\\/product\\\/scania-camurluk-kapagi-sol-yeni-model-2246830\\\/\"]}]},{\"@type\":\"ImageObject\",\"inLanguage\":\"tr\",\"@id\":\"https:\\\/\\\/www.baranotomotiv.com\\\/index.php\\\/product\\\/scania-camurluk-kapagi-sol-yeni-model-2246830\\\/#primaryimage\",\"url\":\"https:\\\/\\\/www.baranotomotiv.com\\\/wp-content\\\/uploads\\\/2026\\\/04\\\/2246830.webp\",\"contentUrl\":\"https:\\\/\\\/www.baranotomotiv.com\\\/wp-content\\\/uploads\\\/2026\\\/04\\\/2246830.webp\",\"width\":1600,\"height\":1200},{\"@type\":\"BreadcrumbList\",\"@id\":\"https:\\\/\\\/www.baranotomotiv.com\\\/index.php\\\/product\\\/scania-camurluk-kapagi-sol-yeni-model-2246830\\\/#breadcrumb\",\"itemListElement\":[{\"@type\":\"ListItem\",\"position\":1,\"name\":\"Anasayfa\",\"item\":\"https:\\\/\\\/www.baranotomotiv.com\\\/\"},{\"@type\":\"ListItem\",\"position\":2,\"name\":\"Ma\u011faza\",\"item\":\"https:\\\/\\\/www.baranotomotiv.com\\\/index.php\\\/shop\\\/\"},{\"@type\":\"ListItem\",\"position\":3,\"name\":\"SCAN\u0130A \u00c7AMURLUK KAPA\u011eI SOL YEN\u0130 MODEL &#8211; 2246830\"}]},{\"@type\":\"WebSite\",\"@id\":\"https:\\\/\\\/www.baranotomotiv.com\\\/#website\",\"url\":\"https:\\\/\\\/www.baranotomotiv.com\\\/\",\"name\":\"Baran Otomotiv\",\"description\":\"SCAN\u0130A-VOLVO-RENAULT-DAF-MAN-MERCEDES YEDEK PAR\u00c7A\",\"publisher\":{\"@id\":\"https:\\\/\\\/www.baranotomotiv.com\\\/#organization\"},\"potentialAction\":[{\"@type\":\"SearchAction\",\"target\":{\"@type\":\"EntryPoint\",\"urlTemplate\":\"https:\\\/\\\/www.baranotomotiv.com\\\/?s={search_term_string}\"},\"query-input\":{\"@type\":\"PropertyValueSpecification\",\"valueRequired\":true,\"valueName\":\"search_term_string\"}}],\"inLanguage\":\"tr\"},{\"@type\":\"Organization\",\"@id\":\"https:\\\/\\\/www.baranotomotiv.com\\\/#organization\",\"name\":\"Baran Otomotiv\",\"url\":\"https:\\\/\\\/www.baranotomotiv.com\\\/\",\"logo\":{\"@type\":\"ImageObject\",\"inLanguage\":\"tr\",\"@id\":\"https:\\\/\\\/www.baranotomotiv.com\\\/#\\\/schema\\\/logo\\\/image\\\/\",\"url\":\"https:\\\/\\\/www.baranotomotiv.com\\\/wp-content\\\/uploads\\\/2026\\\/04\\\/baran-oto-new-logo.webp\",\"contentUrl\":\"https:\\\/\\\/www.baranotomotiv.com\\\/wp-content\\\/uploads\\\/2026\\\/04\\\/baran-oto-new-logo.webp\",\"width\":400,\"height\":150,\"caption\":\"Baran Otomotiv\"},\"image\":{\"@id\":\"https:\\\/\\\/www.baranotomotiv.com\\\/#\\\/schema\\\/logo\\\/image\\\/\"},\"sameAs\":[\"https:\\\/\\\/www.facebook.com\\\/baran0tomotiv\",\"https:\\\/\\\/www.instagram.com\\\/baranotomotiv1\\\/\"]}]}<\/script>\n<!-- \/ Yoast SEO plugin. -->","yoast_head_json":{"title":"SCAN\u0130A \u00c7AMURLUK KAPA\u011eI SOL YEN\u0130 MODEL - 2246830","description":"Scania yeni model serilerle uyumlu 2246830 sol \u00e7amurluk kapa\u011f\u0131, \u00e7amurluk b\u00f6lgesini ta\u015f, \u00e7amur ve su s\u0131\u00e7ramalar\u0131na kar\u015f\u0131 koruyan dayan\u0131kl\u0131 bir d\u0131\u015f aksam par\u00e7as\u0131d\u0131r. Arac\u0131n kaporta yap\u0131s\u0131n\u0131 tamamlayarak hem koruma hem de estetik g\u00f6r\u00fcn\u00fcm sa\u011flar.","robots":{"index":"index","follow":"follow","max-snippet":"max-snippet:-1","max-image-preview":"max-image-preview:large","max-video-preview":"max-video-preview:-1"},"canonical":"https:\/\/www.baranotomotiv.com\/index.php\/product\/scania-camurluk-kapagi-sol-yeni-model-2246830\/","og_locale":"tr_TR","og_type":"article","og_title":"SCAN\u0130A \u00c7AMURLUK KAPA\u011eI SOL YEN\u0130 MODEL - 2246830","og_description":"Scania yeni model serilerle uyumlu 2246830 sol \u00e7amurluk kapa\u011f\u0131, \u00e7amurluk b\u00f6lgesini ta\u015f, \u00e7amur ve su s\u0131\u00e7ramalar\u0131na kar\u015f\u0131 koruyan dayan\u0131kl\u0131 bir d\u0131\u015f aksam par\u00e7as\u0131d\u0131r. Arac\u0131n kaporta yap\u0131s\u0131n\u0131 tamamlayarak hem koruma hem de estetik g\u00f6r\u00fcn\u00fcm sa\u011flar.","og_url":"https:\/\/www.baranotomotiv.com\/index.php\/product\/scania-camurluk-kapagi-sol-yeni-model-2246830\/","og_site_name":"Baran Otomotiv","article_publisher":"https:\/\/www.facebook.com\/baran0tomotiv","article_modified_time":"2026-04-27T10:56:48+00:00","og_image":[{"width":1600,"height":1200,"url":"https:\/\/www.baranotomotiv.com\/wp-content\/uploads\/2026\/04\/2246830.jpg","type":"image\/jpeg"}],"twitter_card":"summary_large_image","twitter_misc":{"Tahmini okuma s\u00fcresi":"1 dakika"},"schema":{"@context":"https:\/\/schema.org","@graph":[{"@type":"WebPage","@id":"https:\/\/www.baranotomotiv.com\/index.php\/product\/scania-camurluk-kapagi-sol-yeni-model-2246830\/","url":"https:\/\/www.baranotomotiv.com\/index.php\/product\/scania-camurluk-kapagi-sol-yeni-model-2246830\/","name":"SCAN\u0130A \u00c7AMURLUK KAPA\u011eI SOL YEN\u0130 MODEL - 2246830","isPartOf":{"@id":"https:\/\/www.baranotomotiv.com\/#website"},"primaryImageOfPage":{"@id":"https:\/\/www.baranotomotiv.com\/index.php\/product\/scania-camurluk-kapagi-sol-yeni-model-2246830\/#primaryimage"},"image":{"@id":"https:\/\/www.baranotomotiv.com\/index.php\/product\/scania-camurluk-kapagi-sol-yeni-model-2246830\/#primaryimage"},"thumbnailUrl":"https:\/\/www.baranotomotiv.com\/wp-content\/uploads\/2026\/04\/2246830.webp","datePublished":"2026-04-27T10:55:06+00:00","dateModified":"2026-04-27T10:56:48+00:00","description":"Scania yeni model serilerle uyumlu 2246830 sol \u00e7amurluk kapa\u011f\u0131, \u00e7amurluk b\u00f6lgesini ta\u015f, \u00e7amur ve su s\u0131\u00e7ramalar\u0131na kar\u015f\u0131 koruyan dayan\u0131kl\u0131 bir d\u0131\u015f aksam par\u00e7as\u0131d\u0131r. Arac\u0131n kaporta yap\u0131s\u0131n\u0131 tamamlayarak hem koruma hem de estetik g\u00f6r\u00fcn\u00fcm sa\u011flar.","breadcrumb":{"@id":"https:\/\/www.baranotomotiv.com\/index.php\/product\/scania-camurluk-kapagi-sol-yeni-model-2246830\/#breadcrumb"},"inLanguage":"tr","potentialAction":[{"@type":"ReadAction","target":["https:\/\/www.baranotomotiv.com\/index.php\/product\/scania-camurluk-kapagi-sol-yeni-model-2246830\/"]}]},{"@type":"ImageObject","inLanguage":"tr","@id":"https:\/\/www.baranotomotiv.com\/index.php\/product\/scania-camurluk-kapagi-sol-yeni-model-2246830\/#primaryimage","url":"https:\/\/www.baranotomotiv.com\/wp-content\/uploads\/2026\/04\/2246830.webp","contentUrl":"https:\/\/www.baranotomotiv.com\/wp-content\/uploads\/2026\/04\/2246830.webp","width":1600,"height":1200},{"@type":"BreadcrumbList","@id":"https:\/\/www.baranotomotiv.com\/index.php\/product\/scania-camurluk-kapagi-sol-yeni-model-2246830\/#breadcrumb","itemListElement":[{"@type":"ListItem","position":1,"name":"Anasayfa","item":"https:\/\/www.baranotomotiv.com\/"},{"@type":"ListItem","position":2,"name":"Ma\u011faza","item":"https:\/\/www.baranotomotiv.com\/index.php\/shop\/"},{"@type":"ListItem","position":3,"name":"SCAN\u0130A \u00c7AMURLUK KAPA\u011eI SOL YEN\u0130 MODEL &#8211; 2246830"}]},{"@type":"WebSite","@id":"https:\/\/www.baranotomotiv.com\/#website","url":"https:\/\/www.baranotomotiv.com\/","name":"Baran Otomotiv","description":"SCAN\u0130A-VOLVO-RENAULT-DAF-MAN-MERCEDES YEDEK PAR\u00c7A","publisher":{"@id":"https:\/\/www.baranotomotiv.com\/#organization"},"potentialAction":[{"@type":"SearchAction","target":{"@type":"EntryPoint","urlTemplate":"https:\/\/www.baranotomotiv.com\/?s={search_term_string}"},"query-input":{"@type":"PropertyValueSpecification","valueRequired":true,"valueName":"search_term_string"}}],"inLanguage":"tr"},{"@type":"Organization","@id":"https:\/\/www.baranotomotiv.com\/#organization","name":"Baran Otomotiv","url":"https:\/\/www.baranotomotiv.com\/","logo":{"@type":"ImageObject","inLanguage":"tr","@id":"https:\/\/www.baranotomotiv.com\/#\/schema\/logo\/image\/","url":"https:\/\/www.baranotomotiv.com\/wp-content\/uploads\/2026\/04\/baran-oto-new-logo.webp","contentUrl":"https:\/\/www.baranotomotiv.com\/wp-content\/uploads\/2026\/04\/baran-oto-new-logo.webp","width":400,"height":150,"caption":"Baran Otomotiv"},"image":{"@id":"https:\/\/www.baranotomotiv.com\/#\/schema\/logo\/image\/"},"sameAs":["https:\/\/www.facebook.com\/baran0tomotiv","https:\/\/www.instagram.com\/baranotomotiv1\/"]}]}},"_links":{"self":[{"href":"https:\/\/www.baranotomotiv.com\/index.php\/wp-json\/wp\/v2\/product\/51033","targetHints":{"allow":["GET"]}}],"collection":[{"href":"https:\/\/www.baranotomotiv.com\/index.php\/wp-json\/wp\/v2\/product"}],"about":[{"href":"https:\/\/www.baranotomotiv.com\/index.php\/wp-json\/wp\/v2\/types\/product"}],"replies":[{"embeddable":true,"href":"https:\/\/www.baranotomotiv.com\/index.php\/wp-json\/wp\/v2\/comments?post=51033"}],"wp:featuredmedia":[{"embeddable":true,"href":"https:\/\/www.baranotomotiv.com\/index.php\/wp-json\/wp\/v2\/media\/51034"}],"wp:attachment":[{"href":"https:\/\/www.baranotomotiv.com\/index.php\/wp-json\/wp\/v2\/media?parent=51033"}],"wp:term":[{"taxonomy":"product_brand","embeddable":true,"href":"https:\/\/www.baranotomotiv.com\/index.php\/wp-json\/wp\/v2\/product_brand?post=51033"},{"taxonomy":"product_cat","embeddable":true,"href":"https:\/\/www.baranotomotiv.com\/index.php\/wp-json\/wp\/v2\/product_cat?post=51033"},{"taxonomy":"product_tag","embeddable":true,"href":"https:\/\/www.baranotomotiv.com\/index.php\/wp-json\/wp\/v2\/product_tag?post=51033"}],"curies":[{"name":"wp","href":"https:\/\/api.w.org\/{rel}","templated":true}]}}